{"id":1200,"date":"2023-12-13T17:04:52","date_gmt":"2023-12-13T17:04:52","guid":{"rendered":"https:\/\/instant.circul8.eu\/?page_id=1200"},"modified":"2023-12-18T11:32:57","modified_gmt":"2023-12-18T11:32:57","slug":"circul8-consent-survey","status":"publish","type":"page","link":"https:\/\/instant.circul8.eu\/pt\/circul8-consent-survey\/","title":{"rendered":"Circul8 Consentimento Inqu\u00e9rito"},"content":{"rendered":"<h3 class=\"wp-block-heading has-primary-color has-text-color has-link-color wp-elements-7e841d80b1b9d09d689c75de8c76888f\">Consentimento e Pol\u00edtica de Privacidade para o Inqu\u00e9rito<\/h3>\n\n\n\n<h4 class=\"wp-block-heading\">Introdu\u00e7\u00e3o<\/h4>\n\n\n\n<p>Obrigado por participar no nosso inqu\u00e9rito, focado em feedback, melhoramento e usabilidade. O seu feedback \u00e9 crucial para nos ajudar a melhorar a aplica\u00e7\u00e3o Circul8. Esta pol\u00edtica delineia como lidamos com os dados em conformidade com as pr\u00e1ticas padr\u00e3o de recolha de dados online.<\/p>\n\n\n\n<h4 class=\"wp-block-heading\">Recolha e Uso de Dados:<\/h4>\n\n\n\n<p>Dados que Recolhemos: Este inqu\u00e9rito n\u00e3o recolhe dados pessoais. Apenas recolhemos as suas respostas ao inqu\u00e9rito, incluindo as tarefas que executa no Circul8 e as aplica\u00e7\u00f5es espec\u00edficas dentro da plataforma Circul8 que utiliza. Dados padr\u00e3o n\u00e3o identific\u00e1veis podem ser recolhidos pelo WordPress e Gravity Forms, de acordo com as suas configura\u00e7\u00f5es padr\u00e3o (como endere\u00e7o IP, tipo de navegador, etc.).<\/p>\n\n\n\n<p>Finalidade da Recolha de Dados: Os dados s\u00e3o recolhidos exclusivamente com o prop\u00f3sito de melhorar a usabilidade e o design da aplica\u00e7\u00e3o Circul8, e compreender as necessidades e experi\u00eancias. Embora n\u00e3o recolhamos diretamente informa\u00e7\u00f5es pessoais, esteja ciente de que a combina\u00e7\u00e3o de tarefas e informa\u00e7\u00f5es de uso da aplica\u00e7\u00e3o pode potencialmente levar a uma identifica\u00e7\u00e3o indireta.<\/p>\n\n\n\n<p>Processamento e An\u00e1lise de Dados: As suas respostas ao inqu\u00e9rito ser\u00e3o analisadas para identificar tend\u00eancias e insights. Estas respostas, embora n\u00e3o identific\u00e1veis diretamente, ser\u00e3o tratadas com cuidado adicional devido ao potencial de identifica\u00e7\u00e3o indireta. Ser\u00e3o utilizadas exclusivamente para an\u00e1lise interna.<\/p>\n\n\n\n<h4 class=\"wp-block-heading\">Data Storage and Security:<\/h4>\n\n\n\n<p>Storage of Data: Any data collected is stored securely and is accessible only to authorized personnel. Special precautions are taken to ensure that data which could potentially lead to indirect identification is handled with the utmost confidentiality.<\/p>\n\n\n\n<p>Prote\u00e7\u00e3o de Dados: Estamos empenhados em proteger os seus dados e implement\u00e1mos medidas adequadas para prevenir o acesso n\u00e3o autorizado e o uso indevido.<\/p>\n\n\n\n<h4 class=\"wp-block-heading\">Os Seus Direitos:<\/h4>\n\n\n\n<p>Acesso e Controlo: Uma vez que n\u00e3o recolhemos dados pessoais diretamente, os direitos espec\u00edficos relacionados com o acesso, corre\u00e7\u00e3o, elimina\u00e7\u00e3o ou processamento de dados pessoais n\u00e3o se aplicam. No entanto, reconhecemos a sensibilidade dos dados recolhidos e estamos empenhados em manter os mais altos padr\u00f5es de privacidade de dados. Para quaisquer preocupa\u00e7\u00f5es sobre os dados recolhidos pelo WordPress e Gravity Forms, por favor, consulte as respetivas pol\u00edticas de privacidade.<\/p>\n\n\n\n<h4 class=\"wp-block-heading\">Consentimento:<\/h4>\n\n\n\n<p>Acordo: Ao assinalar a caixa, confirma que leu e compreendeu esta pol\u00edtica de consentimento e privacidade e concorda em participar neste inqu\u00e9rito nas condi\u00e7\u00f5es delineadas.<\/p>\n\n\n\n<style>\nh4{margin-top: 30px !important;}\n<\/style>","protected":false},"excerpt":{"rendered":"<p>Consent and Privacy Policy for Survey Introduction: Thank you for participating in our survey focusing on feedback, improving, and usability. Your feedback is crucial in helping us improve the Circul8 application. This policy outlines how we handle data in compliance with standard online data collection practices. Data Collection and Use: What Data We Collect: This [&hellip;]<\/p>","protected":false},"author":1,"featured_media":0,"parent":0,"menu_order":0,"comment_status":"closed","ping_status":"closed","template":"","meta":{"footnotes":""},"class_list":["post-1200","page","type-page","status-publish","hentry"],"jetpack_sharing_enabled":true,"_links":{"self":[{"href":"https:\/\/instant.circul8.eu\/pt\/wp-json\/wp\/v2\/pages\/1200","targetHints":{"allow":["GET"]}}],"collection":[{"href":"https:\/\/instant.circul8.eu\/pt\/wp-json\/wp\/v2\/pages"}],"about":[{"href":"https:\/\/instant.circul8.eu\/pt\/wp-json\/wp\/v2\/types\/page"}],"author":[{"embeddable":true,"href":"https:\/\/instant.circul8.eu\/pt\/wp-json\/wp\/v2\/users\/1"}],"replies":[{"embeddable":true,"href":"https:\/\/instant.circul8.eu\/pt\/wp-json\/wp\/v2\/comments?post=1200"}],"version-history":[{"count":5,"href":"https:\/\/instant.circul8.eu\/pt\/wp-json\/wp\/v2\/pages\/1200\/revisions"}],"predecessor-version":[{"id":1214,"href":"https:\/\/instant.circul8.eu\/pt\/wp-json\/wp\/v2\/pages\/1200\/revisions\/1214"}],"wp:attachment":[{"href":"https:\/\/instant.circul8.eu\/pt\/wp-json\/wp\/v2\/media?parent=1200"}],"curies":[{"name":"wp","href":"https:\/\/api.w.org\/{rel}","templated":true}]}}