{"id":1200,"date":"2023-12-13T17:04:52","date_gmt":"2023-12-13T17:04:52","guid":{"rendered":"https:\/\/instant.circul8.eu\/?page_id=1200"},"modified":"2023-12-18T11:32:57","modified_gmt":"2023-12-18T11:32:57","slug":"circul8-consent-survey","status":"publish","type":"page","link":"https:\/\/instant.circul8.eu\/pl\/circul8-consent-survey\/","title":{"rendered":"Ankieta Zgody Circul8"},"content":{"rendered":"<h3 class=\"wp-block-heading has-primary-color has-text-color has-link-color wp-elements-7e841d80b1b9d09d689c75de8c76888f\">Zgoda i Polityka Prywatno\u015bci dla Ankiety<\/h3>\n\n\n\n<h4 class=\"wp-block-heading\">Wst\u0119p<\/h4>\n\n\n\n<p>Dzi\u0119kujemy za udzia\u0142 w naszej ankiecie skupiaj\u0105cej si\u0119 na opinii, poprawie i u\u017cyteczno\u015bci. Twoja opinia jest kluczowa w pomaganiu nam ulepszy\u0107 aplikacj\u0119 Circul8. Ta polityka okre\u015bla, jak obs\u0142ugujemy dane zgodnie ze standardowymi praktykami zbierania danych online.<\/p>\n\n\n\n<h4 class=\"wp-block-heading\">Zbieranie i U\u017cytkowanie Danych:<\/h4>\n\n\n\n<p>Jakie Dane Zbieramy: Ta ankieta nie zbiera danych osobowych. Gromadzimy tylko Twoje odpowiedzi na ankiet\u0119, w tym zadania, kt\u00f3re wykonujesz w Circul8 oraz konkretne aplikacje w platformie Circul8, z kt\u00f3rych korzystasz. Standardowe, nierozpoznawalne dane mog\u0105 by\u0107 zbierane przez WordPress i Gravity Forms, zgodnie z ich domy\u015blnymi ustawieniami (takimi jak adres IP, typ przegl\u0105darki itp.).<\/p>\n\n\n\n<p>Cel Zbierania Danych: Dane s\u0105 zbierane wy\u0142\u0105cznie w celu poprawy u\u017cyteczno\u015bci i projektu aplikacji Circul8 oraz zrozumienia potrzeb i do\u015bwiadcze\u0144. Chocia\u017c bezpo\u015brednio nie zbieramy informacji osobowych, prosimy mie\u0107 \u015bwiadomo\u015b\u0107, \u017ce po\u0142\u0105czenie informacji o zadaniach i u\u017cytkowaniu aplikacji mo\u017ce potencjalnie prowadzi\u0107 do po\u015bredniej identyfikacji.<\/p>\n\n\n\n<p>Przetwarzanie i Analiza Danych: Twoje odpowiedzi na ankiet\u0119 zostan\u0105 przeanalizowane w celu zidentyfikowania trend\u00f3w i wniosk\u00f3w. Te odpowiedzi, chocia\u017c bezpo\u015brednio nieidentyfikowalne, b\u0119d\u0105 traktowane z dodatkow\u0105 ostro\u017cno\u015bci\u0105 ze wzgl\u0119du na potencjaln\u0105 mo\u017cliwo\u015b\u0107 po\u015bredniej identyfikacji. B\u0119d\u0105 one u\u017cywane wy\u0142\u0105cznie do analiz wewn\u0119trznych.<\/p>\n\n\n\n<h4 class=\"wp-block-heading\">Data Storage and Security:<\/h4>\n\n\n\n<p>Storage of Data: Any data collected is stored securely and is accessible only to authorized personnel. Special precautions are taken to ensure that data which could potentially lead to indirect identification is handled with the utmost confidentiality.<\/p>\n\n\n\n<p>Ochrona Danych: Jeste\u015bmy zaanga\u017cowani w ochron\u0119 Twoich danych i wdro\u017cyli\u015bmy odpowiednie \u015brodki, aby zapobiec nieautoryzowanemu dost\u0119powi i nadu\u017cyciom.<\/p>\n\n\n\n<h4 class=\"wp-block-heading\">Twoje Prawa:<\/h4>\n\n\n\n<p>Dost\u0119p i Kontrola: Poniewa\u017c nie zbieramy bezpo\u015brednio danych osobowych, konkretne prawa zwi\u0105zane z dost\u0119pem do danych osobowych, ich poprawianiem, usuwaniem lub przetwarzaniem nie maj\u0105 zastosowania. Jednak\u017ce uznajemy wra\u017cliwo\u015b\u0107 zebranych danych i zobowi\u0105zujemy si\u0119 do przestrzegania najwy\u017cszych standard\u00f3w prywatno\u015bci danych. W przypadku jakichkolwiek obaw dotycz\u0105cych danych zbieranych przez WordPress i Gravity Forms, prosz\u0119 zapozna\u0107 si\u0119 z ich odpowiednimi politykami prywatno\u015bci.<\/p>\n\n\n\n<h4 class=\"wp-block-heading\">Zgoda:<\/h4>\n\n\n\n<p>Zgoda: Zaznaczaj\u0105c pole, potwierdzasz, \u017ce przeczyta\u0142e\u015b i zrozumia\u0142e\u015b t\u0119 polityk\u0119 zgody i prywatno\u015bci oraz zgadzasz si\u0119 na udzia\u0142 w tej ankiecie na okre\u015blonych warunkach.<\/p>\n\n\n\n<style>\nh4{margin-top: 30px !important;}\n<\/style>","protected":false},"excerpt":{"rendered":"<p>Consent and Privacy Policy for Survey Introduction: Thank you for participating in our survey focusing on feedback, improving, and usability. Your feedback is crucial in helping us improve the Circul8 application. This policy outlines how we handle data in compliance with standard online data collection practices. Data Collection and Use: What Data We Collect: This [&hellip;]<\/p>","protected":false},"author":1,"featured_media":0,"parent":0,"menu_order":0,"comment_status":"closed","ping_status":"closed","template":"","meta":{"footnotes":""},"class_list":["post-1200","page","type-page","status-publish","hentry"],"jetpack_sharing_enabled":true,"_links":{"self":[{"href":"https:\/\/instant.circul8.eu\/pl\/wp-json\/wp\/v2\/pages\/1200","targetHints":{"allow":["GET"]}}],"collection":[{"href":"https:\/\/instant.circul8.eu\/pl\/wp-json\/wp\/v2\/pages"}],"about":[{"href":"https:\/\/instant.circul8.eu\/pl\/wp-json\/wp\/v2\/types\/page"}],"author":[{"embeddable":true,"href":"https:\/\/instant.circul8.eu\/pl\/wp-json\/wp\/v2\/users\/1"}],"replies":[{"embeddable":true,"href":"https:\/\/instant.circul8.eu\/pl\/wp-json\/wp\/v2\/comments?post=1200"}],"version-history":[{"count":5,"href":"https:\/\/instant.circul8.eu\/pl\/wp-json\/wp\/v2\/pages\/1200\/revisions"}],"predecessor-version":[{"id":1214,"href":"https:\/\/instant.circul8.eu\/pl\/wp-json\/wp\/v2\/pages\/1200\/revisions\/1214"}],"wp:attachment":[{"href":"https:\/\/instant.circul8.eu\/pl\/wp-json\/wp\/v2\/media?parent=1200"}],"curies":[{"name":"wp","href":"https:\/\/api.w.org\/{rel}","templated":true}]}}