{"id":1200,"date":"2023-12-13T17:04:52","date_gmt":"2023-12-13T17:04:52","guid":{"rendered":"https:\/\/instant.circul8.eu\/?page_id=1200"},"modified":"2023-12-18T11:32:57","modified_gmt":"2023-12-18T11:32:57","slug":"circul8-consent-survey","status":"publish","type":"page","link":"https:\/\/instant.circul8.eu\/nb\/circul8-consent-survey\/","title":{"rendered":"Circul8 Samtykkeunders\u00f8kelse"},"content":{"rendered":"<h3 class=\"wp-block-heading has-primary-color has-text-color has-link-color wp-elements-7e841d80b1b9d09d689c75de8c76888f\">Samtykke og Personvernpolicy for Unders\u00f8kelsen<\/h3>\n\n\n\n<h4 class=\"wp-block-heading\">Innledning<\/h4>\n\n\n\n<p>Takk for at du deltar i v\u00e5r unders\u00f8kelse som fokuserer p\u00e5 tilbakemeldinger, forbedring og brukervennlighet. Din tilbakemelding er avgj\u00f8rende for \u00e5 hjelpe oss med \u00e5 forbedre Circul8-applikasjonen. Denne policyen skisserer hvordan vi h\u00e5ndterer data i samsvar med standard praksis for online datainnsamling.<\/p>\n\n\n\n<h4 class=\"wp-block-heading\">Datainnsamling og bruk:<\/h4>\n\n\n\n<p>Hvilke Data Vi Samler: Denne unders\u00f8kelsen samler ikke personopplysninger. Vi samler kun dine svar p\u00e5 unders\u00f8kelsen, inkludert oppgavene du utf\u00f8rer i Circul8 og de spesifikke appene innen Circul8-plattformen som du bruker. Standard, ikke-identifiserbare data kan samles inn av WordPress og Gravity Forms, i henhold til deres standardinnstillinger (som IP-adresse, nettlesertype, osv.).<\/p>\n\n\n\n<p>Form\u00e5l med Datainnsamling: Dataene samles inn utelukkende for \u00e5 forbedre brukervennligheten og designet av Circul8-applikasjonen, og for \u00e5 forst\u00e5 behov og erfaringer. Selv om vi ikke direkte samler inn personopplysninger, v\u00e6r oppmerksom p\u00e5 at kombinasjonen av oppgaver og appbruk-informasjon potensielt kan f\u00f8re til indirekte identifisering.<\/p>\n\n\n\n<p>Dataforedling og Analyse: Dine svar p\u00e5 unders\u00f8kelsen vil bli analysert for \u00e5 identifisere trender og innsikter. Selv om disse svarene ikke kan identifiseres direkte, vil de bli behandlet med ekstra omsorg p\u00e5 grunn av potensialet for indirekte identifisering. De vil kun bli brukt til intern analyse.<\/p>\n\n\n\n<h4 class=\"wp-block-heading\">Data Storage and Security:<\/h4>\n\n\n\n<p>Storage of Data: Any data collected is stored securely and is accessible only to authorized personnel. Special precautions are taken to ensure that data which could potentially lead to indirect identification is handled with the utmost confidentiality.<\/p>\n\n\n\n<p>Databeskyttelse: Vi er forpliktet til \u00e5 beskytte dine data og har iverksatt passende tiltak for \u00e5 forhindre uautorisert tilgang og misbruk.<\/p>\n\n\n\n<h4 class=\"wp-block-heading\">Dine Rettigheter:<\/h4>\n\n\n\n<p>Tilgang og Kontroll: Siden vi ikke direkte samler inn personopplysninger, gjelder ikke spesifikke rettigheter relatert til tilgang til, korrigering av, sletting av, eller behandling av personopplysninger. Vi anerkjenner imidlertid sensitiviteten til de innsamlede dataene og forplikter oss til \u00e5 opprettholde de h\u00f8yeste standarder for databeskyttelse. For eventuelle bekymringer om data samlet inn av WordPress og Gravity Forms, vennligst henvis til deres respektive personvernpolicyer.<\/p>\n\n\n\n<h4 class=\"wp-block-heading\">Samtykke:<\/h4>\n\n\n\n<p>Avtale: Ved \u00e5 krysse av i boksen bekrefter du at du har lest og forst\u00e5tt denne samtykke- og personvernspolitikken og samtykker til deltakelse i denne unders\u00f8kelsen under de angitte betingelsene.<\/p>\n\n\n\n<style>\nh4{margin-top: 30px !important;}\n<\/style>","protected":false},"excerpt":{"rendered":"<p>Consent and Privacy Policy for Survey Introduction: Thank you for participating in our survey focusing on feedback, improving, and usability. Your feedback is crucial in helping us improve the Circul8 application. This policy outlines how we handle data in compliance with standard online data collection practices. Data Collection and Use: What Data We Collect: This [&hellip;]<\/p>","protected":false},"author":1,"featured_media":0,"parent":0,"menu_order":0,"comment_status":"closed","ping_status":"closed","template":"","meta":{"footnotes":""},"class_list":["post-1200","page","type-page","status-publish","hentry"],"jetpack_sharing_enabled":true,"_links":{"self":[{"href":"https:\/\/instant.circul8.eu\/nb\/wp-json\/wp\/v2\/pages\/1200","targetHints":{"allow":["GET"]}}],"collection":[{"href":"https:\/\/instant.circul8.eu\/nb\/wp-json\/wp\/v2\/pages"}],"about":[{"href":"https:\/\/instant.circul8.eu\/nb\/wp-json\/wp\/v2\/types\/page"}],"author":[{"embeddable":true,"href":"https:\/\/instant.circul8.eu\/nb\/wp-json\/wp\/v2\/users\/1"}],"replies":[{"embeddable":true,"href":"https:\/\/instant.circul8.eu\/nb\/wp-json\/wp\/v2\/comments?post=1200"}],"version-history":[{"count":5,"href":"https:\/\/instant.circul8.eu\/nb\/wp-json\/wp\/v2\/pages\/1200\/revisions"}],"predecessor-version":[{"id":1214,"href":"https:\/\/instant.circul8.eu\/nb\/wp-json\/wp\/v2\/pages\/1200\/revisions\/1214"}],"wp:attachment":[{"href":"https:\/\/instant.circul8.eu\/nb\/wp-json\/wp\/v2\/media?parent=1200"}],"curies":[{"name":"wp","href":"https:\/\/api.w.org\/{rel}","templated":true}]}}