{"id":1200,"date":"2023-12-13T17:04:52","date_gmt":"2023-12-13T17:04:52","guid":{"rendered":"https:\/\/instant.circul8.eu\/?page_id=1200"},"modified":"2023-12-18T11:32:57","modified_gmt":"2023-12-18T11:32:57","slug":"circul8-consent-survey","status":"publish","type":"page","link":"https:\/\/instant.circul8.eu\/de\/circul8-consent-survey\/","title":{"rendered":"Circul8 Einwilligungsumfrage"},"content":{"rendered":"<h3 class=\"wp-block-heading has-primary-color has-text-color has-link-color wp-elements-7e841d80b1b9d09d689c75de8c76888f\">Einwilligung und Datenschutzrichtlinie f\u00fcr die Umfrage<\/h3>\n\n\n\n<h4 class=\"wp-block-heading\">Einleitung<\/h4>\n\n\n\n<p>Vielen Dank, dass Sie an unserer Umfrage teilnehmen, die sich auf Feedback, Verbesserung und Benutzerfreundlichkeit konzentriert. Ihr Feedback ist entscheidend, um uns zu helfen, die Circul8-Anwendung zu verbessern. Diese Richtlinie beschreibt, wie wir Daten im Einklang mit den Standardpraktiken der Online-Datenerfassung verarbeiten.<\/p>\n\n\n\n<h4 class=\"wp-block-heading\">Datenerfassung und Nutzung:<\/h4>\n\n\n\n<p>Welche Daten wir sammeln: Diese Umfrage erfasst keine pers\u00f6nlichen Daten. Wir sammeln nur Ihre Umfrageantworten, einschlie\u00dflich der Aufgaben, die Sie in Circul8 ausf\u00fchren, und der spezifischen Apps innerhalb der Circul8-Plattform, die Sie nutzen. Standardm\u00e4\u00dfige, nicht identifizierbare Daten k\u00f6nnen von WordPress und Gravity Forms gem\u00e4\u00df ihren Standardeinstellungen gesammelt werden (wie IP-Adresse, Browsertyp usw.).<\/p>\n\n\n\n<p>Zweck der Datenerhebung: Die Daten werden ausschlie\u00dflich zum Zweck der Verbesserung der Benutzerfreundlichkeit und des Designs der Circul8-Anwendung sowie zum Verst\u00e4ndnis der Bed\u00fcrfnisse und Erfahrungen gesammelt. Obwohl wir keine pers\u00f6nlichen Informationen direkt sammeln, beachten Sie bitte, dass die Kombination von Aufgaben und App-Nutzungsinformationen potenziell zu einer indirekten Identifikation f\u00fchren k\u00f6nnte.<\/p>\n\n\n\n<p>Datenverarbeitung und Analyse: Ihre Umfrageantworten werden analysiert, um Trends und Einsichten zu identifizieren. Diese Antworten, obwohl nicht direkt identifizierbar, werden aufgrund der M\u00f6glichkeit einer indirekten Identifizierung mit zus\u00e4tzlicher Sorgfalt behandelt. Sie werden ausschlie\u00dflich f\u00fcr interne Analysen verwendet.<\/p>\n\n\n\n<h4 class=\"wp-block-heading\">Data Storage and Security:<\/h4>\n\n\n\n<p>Storage of Data: Any data collected is stored securely and is accessible only to authorized personnel. Special precautions are taken to ensure that data which could potentially lead to indirect identification is handled with the utmost confidentiality.<\/p>\n\n\n\n<p>Datenschutz: Wir sind dem Schutz Ihrer Daten verpflichtet und haben geeignete Ma\u00dfnahmen umgesetzt, um unbefugten Zugriff und Missbrauch zu verhindern.<\/p>\n\n\n\n<h4 class=\"wp-block-heading\">Ihre Rechte:<\/h4>\n\n\n\n<p>Zugang und Kontrolle: Da wir keine pers\u00f6nlichen Daten direkt erfassen, gelten spezifische Rechte in Bezug auf den Zugriff auf pers\u00f6nliche Daten, deren Korrektur, L\u00f6schung oder Verarbeitung nicht. Wir erkennen jedoch die Sensibilit\u00e4t der gesammelten Daten an und verpflichten uns, die h\u00f6chsten Standards des Datenschutzes einzuhalten. Bei Bedenken bez\u00fcglich der von WordPress und Gravity Forms gesammelten Daten verweisen Sie bitte auf deren jeweilige Datenschutzrichtlinien.<\/p>\n\n\n\n<h4 class=\"wp-block-heading\">Einwilligung:<\/h4>\n\n\n\n<p>Einverst\u00e4ndniserkl\u00e4rung: Indem Sie das K\u00e4stchen ankreuzen, best\u00e4tigen Sie, dass Sie diese Einwilligungs- und Datenschutzerkl\u00e4rung gelesen und verstanden haben und der Teilnahme an dieser Umfrage unter den dargelegten Bedingungen zustimmen.<\/p>\n\n\n\n<style>\nh4{margin-top: 30px !important;}\n<\/style>","protected":false},"excerpt":{"rendered":"<p>Consent and Privacy Policy for Survey Introduction: Thank you for participating in our survey focusing on feedback, improving, and usability. Your feedback is crucial in helping us improve the Circul8 application. This policy outlines how we handle data in compliance with standard online data collection practices. Data Collection and Use: What Data We Collect: This [&hellip;]<\/p>","protected":false},"author":1,"featured_media":0,"parent":0,"menu_order":0,"comment_status":"closed","ping_status":"closed","template":"","meta":{"footnotes":""},"class_list":["post-1200","page","type-page","status-publish","hentry"],"jetpack_sharing_enabled":true,"_links":{"self":[{"href":"https:\/\/instant.circul8.eu\/de\/wp-json\/wp\/v2\/pages\/1200","targetHints":{"allow":["GET"]}}],"collection":[{"href":"https:\/\/instant.circul8.eu\/de\/wp-json\/wp\/v2\/pages"}],"about":[{"href":"https:\/\/instant.circul8.eu\/de\/wp-json\/wp\/v2\/types\/page"}],"author":[{"embeddable":true,"href":"https:\/\/instant.circul8.eu\/de\/wp-json\/wp\/v2\/users\/1"}],"replies":[{"embeddable":true,"href":"https:\/\/instant.circul8.eu\/de\/wp-json\/wp\/v2\/comments?post=1200"}],"version-history":[{"count":5,"href":"https:\/\/instant.circul8.eu\/de\/wp-json\/wp\/v2\/pages\/1200\/revisions"}],"predecessor-version":[{"id":1214,"href":"https:\/\/instant.circul8.eu\/de\/wp-json\/wp\/v2\/pages\/1200\/revisions\/1214"}],"wp:attachment":[{"href":"https:\/\/instant.circul8.eu\/de\/wp-json\/wp\/v2\/media?parent=1200"}],"curies":[{"name":"wp","href":"https:\/\/api.w.org\/{rel}","templated":true}]}}